{"id":4998,"date":"2024-09-27T11:02:11","date_gmt":"2024-09-27T09:02:11","guid":{"rendered":"https:\/\/podgorjesg.splet.arnes.si\/?page_id=4998"},"modified":"2025-10-01T18:00:09","modified_gmt":"2025-10-01T16:00:09","slug":"podari-trenutek","status":"publish","type":"page","link":"https:\/\/podgorjesg.splet.arnes.si\/?page_id=4998","title":{"rendered":"PODARI TRENUTEK"},"content":{"rendered":"\n<p>Namen projekta PODARI TRENUTEK, v organizaciji Rotary kluba Slovenj Gradec, je u\u010dence koro\u0161kih osnovnih \u0161ol spodbuditi k nesebi\u010dni pomo\u010di so\u010dloveku, kar predstavlja temelj povezane in solidarne dru\u017ebe.<\/p>\n\n\n\n<p>U\u010denci bodo od 1. 12. 2025 dalje v posebne skrinjice znova odlagali listke, na katere bodo napisali, kako so nekomu pomagali (lahko so\u0161olcu, dru\u017einskemu \u010dlanu, u\u010ditelju, neznancu itd.) oz. kaj prijaznega so zanj storili. Zraven bodo dopisali svoje ime in razred, v tem primeru imajo tudi mo\u017enost biti izbrani za posebno nagrado. Mlaj\u0161i otroci, ki \u0161e ne pi\u0161ejo, lahko svoje dobro delo tudi nari\u0161ejo ali pa jim pri zapisu pomaga odrasla oseba. Projekt bo potekal do vklju\u010dno 6. 3. 2026. Da listek \u0161teje, mora biti na njem napisano\/narisano smiselno dobro delo. Veljavni bodo tudi nepodpisani listki, vendar se avtorji teh listkov ne bodo mogli potegovati za posami\u010dne nagrade. U\u010denci lahko v \u010dasu trajanja projekta odlo\u017eijo poljubno \u0161tevilo listkov.<\/p>\n\n\n\n<p>Ob zaklju\u010dku projekta bo najaktivnej\u0161a \u0161ola (\u0161ola, ki bo zbrala najve\u010d veljavnih listkov glede na \u0161tevilo u\u010dencev) prejela prehodni pokal\/plaketo in diplomo. Med podpisanimi listki bodo izbrali tudi tri u\u010dence, ki bodo s svojo vsebino najbolj izstopali in jim omogo\u010dili vpogled v poklic, ki jih zanima. Ker je veliko pogovora in razmi\u0161ljanja o prijaznosti in medsebojni pomo\u010di ravno toliko pomembno kot zbrani listki, se bo Rotary klub po principu solidarnostni in rotarijstva vsako leto drugi sodelujo\u010di \u0161oli zahvalil z nadstandardno vsebino v skladu z medsebojnim dogovorom.<\/p>\n\n\n\n<p>Z opravljanjem dobrih del in razmi\u0161ljanjem o tem, kako lahko nekomu pomagamo, bomo poskrbeli za svetlej\u0161o in bolj povezano prihodnost, v kateri bomo z veseljem \u017eiveli. Glavna nagrada za vse sodelujo\u010de pa je seveda pozitivna sprememba, ki jo bomo z na\u0161imi skupnimi prizadevanji dolgoro\u010dno gledano gotovo dosegli.<\/p>\n\n\n\n<p>VODJA PROJEKTA: Janja Lahovnik Triplat<\/p>\n","protected":false},"excerpt":{"rendered":"<p>Namen projekta PODARI TRENUTEK, v organizaciji Rotary kluba Slovenj Gradec, je u\u010dence koro\u0161kih osnovnih \u0161ol spodbuditi k nesebi\u010dni pomo\u010di so\u010dloveku, kar predstavlja temelj povezane in solidarne dru\u017ebe. U\u010denci bodo od 1. 12. 2025 dalje&#46;&#46;&#46;<\/p>\n","protected":false},"author":25249,"featured_media":0,"parent":0,"menu_order":0,"comment_status":"closed","ping_status":"closed","template":"","meta":{"ngg_post_thumbnail":0,"footnotes":""},"class_list":["post-4998","page","type-page","status-publish","hentry"],"_links":{"self":[{"href":"https:\/\/podgorjesg.splet.arnes.si\/index.php?rest_route=\/wp\/v2\/pages\/4998","targetHints":{"allow":["GET"]}}],"collection":[{"href":"https:\/\/podgorjesg.splet.arnes.si\/index.php?rest_route=\/wp\/v2\/pages"}],"about":[{"href":"https:\/\/podgorjesg.splet.arnes.si\/index.php?rest_route=\/wp\/v2\/types\/page"}],"author":[{"embeddable":true,"href":"https:\/\/podgorjesg.splet.arnes.si\/index.php?rest_route=\/wp\/v2\/users\/25249"}],"replies":[{"embeddable":true,"href":"https:\/\/podgorjesg.splet.arnes.si\/index.php?rest_route=%2Fwp%2Fv2%2Fcomments&post=4998"}],"version-history":[{"count":2,"href":"https:\/\/podgorjesg.splet.arnes.si\/index.php?rest_route=\/wp\/v2\/pages\/4998\/revisions"}],"predecessor-version":[{"id":9019,"href":"https:\/\/podgorjesg.splet.arnes.si\/index.php?rest_route=\/wp\/v2\/pages\/4998\/revisions\/9019"}],"wp:attachment":[{"href":"https:\/\/podgorjesg.splet.arnes.si\/index.php?rest_route=%2Fwp%2Fv2%2Fmedia&parent=4998"}],"curies":[{"name":"wp","href":"https:\/\/api.w.org\/{rel}","templated":true}]}}