{"id":2688,"date":"2022-10-20T08:24:16","date_gmt":"2022-10-20T06:24:16","guid":{"rendered":"https:\/\/podgorjesg.splet.arnes.si\/?page_id=2688"},"modified":"2022-10-20T08:39:08","modified_gmt":"2022-10-20T06:39:08","slug":"varstvo-osebnih-podatkov","status":"publish","type":"page","link":"https:\/\/podgorjesg.splet.arnes.si\/?page_id=2688","title":{"rendered":"Varstvo osebnih podatkov"},"content":{"rendered":"\n<p>Poobla\u0161\u010dena oseba za varstvo osebnih podatkov:<br>Center za pravno pomo\u010d, d.o.o.<br>Primo\u017e Obreht, univ. dipl. prav., direktor<br>Mariborska cesta 69, 3000 Celje<br>Telefon: 059340910<br>e-mail: info@czpp.si<\/p>\n\n\n\n<p><a href=\"https:\/\/podgorjesg.splet.arnes.si\/files\/2022\/10\/GDPR-informacije-posameznikom-CZPP.pdf\" target=\"_blank\" rel=\"noreferrer noopener\"><strong>INFORMACIJE O OBDELAVI OSEBNIH PODATKOV ZA POSAMEZNIKE<\/strong> (pdf dokument)<\/a><\/p>\n\n\n\n<p>Za dodatne informacije lahko na \u0161oli kontaktirate u\u010diteljico Alenko Lesjak.<\/p>\n","protected":false},"excerpt":{"rendered":"<p>Poobla\u0161\u010dena oseba za varstvo osebnih podatkov:Center za pravno pomo\u010d, d.o.o.Primo\u017e Obreht, univ. dipl. prav., direktorMariborska cesta 69, 3000 CeljeTelefon: 059340910e-mail: info@czpp.si INFORMACIJE O OBDELAVI OSEBNIH PODATKOV ZA POSAMEZNIKE (pdf dokument) Za dodatne informacije lahko&#46;&#46;&#46;<\/p>\n","protected":false},"author":25249,"featured_media":0,"parent":0,"menu_order":0,"comment_status":"closed","ping_status":"closed","template":"","meta":{"ngg_post_thumbnail":0,"footnotes":""},"class_list":["post-2688","page","type-page","status-publish","hentry"],"_links":{"self":[{"href":"https:\/\/podgorjesg.splet.arnes.si\/index.php?rest_route=\/wp\/v2\/pages\/2688","targetHints":{"allow":["GET"]}}],"collection":[{"href":"https:\/\/podgorjesg.splet.arnes.si\/index.php?rest_route=\/wp\/v2\/pages"}],"about":[{"href":"https:\/\/podgorjesg.splet.arnes.si\/index.php?rest_route=\/wp\/v2\/types\/page"}],"author":[{"embeddable":true,"href":"https:\/\/podgorjesg.splet.arnes.si\/index.php?rest_route=\/wp\/v2\/users\/25249"}],"replies":[{"embeddable":true,"href":"https:\/\/podgorjesg.splet.arnes.si\/index.php?rest_route=%2Fwp%2Fv2%2Fcomments&post=2688"}],"version-history":[{"count":7,"href":"https:\/\/podgorjesg.splet.arnes.si\/index.php?rest_route=\/wp\/v2\/pages\/2688\/revisions"}],"predecessor-version":[{"id":2699,"href":"https:\/\/podgorjesg.splet.arnes.si\/index.php?rest_route=\/wp\/v2\/pages\/2688\/revisions\/2699"}],"wp:attachment":[{"href":"https:\/\/podgorjesg.splet.arnes.si\/index.php?rest_route=%2Fwp%2Fv2%2Fmedia&parent=2688"}],"curies":[{"name":"wp","href":"https:\/\/api.w.org\/{rel}","templated":true}]}}