{"id":1620,"date":"2021-09-10T07:57:23","date_gmt":"2021-09-10T05:57:23","guid":{"rendered":"https:\/\/podgorjesg.splet.arnes.si\/?page_id=1620"},"modified":"2021-10-02T10:46:46","modified_gmt":"2021-10-02T08:46:46","slug":"international","status":"publish","type":"page","link":"https:\/\/podgorjesg.splet.arnes.si\/?page_id=1620","title":{"rendered":"INTERNATIONAL"},"content":{"rendered":"\n<figure class=\"wp-block-table\"><table><tbody><tr><td><strong><small><a href=\"https:\/\/podgorjesg.splet.arnes.si\/presentation-in-english\/\">Presentation\u00a0in\u00a0English<\/a><\/small><\/strong><br>&#8211;<\/td><td><\/td><td class=\"has-text-align-right\" data-align=\"right\"><img decoding=\"async\" src=\"https:\/\/podgorjesg.splet.arnes.si\/files\/2021\/09\/english_flag.jpg\" alt=\"This image has an empty alt attribute; its file name is english_flag.jpg\" style=\"width: 60px\"><\/td><\/tr><tr><td><strong><small><a href=\"https:\/\/podgorjesg.splet.arnes.si\/prasentation-auf-deutsch\/(\">Pr\u00e4sentation auf Deutsch<\/a><\/small><\/strong><br>&#8211;<\/td><td><\/td><td class=\"has-text-align-right\" data-align=\"right\"><img decoding=\"async\" src=\"https:\/\/podgorjesg.splet.arnes.si\/files\/2021\/09\/german_flag.jpg\" alt=\"This image has an empty alt attribute; its file name is german_flag.jpg\" style=\"width: 60px\"><\/td><\/tr><tr><td><strong><small><a href=\"https:\/\/podgorjesg.splet.arnes.si\/presentation-en-francais\/\">Pr\u00e9sentation en fran\u00e7ais<\/a><\/small><\/strong><br>&#8211;<\/td><td><\/td><td class=\"has-text-align-right\" data-align=\"right\"><img decoding=\"async\" src=\"https:\/\/podgorjesg.splet.arnes.si\/files\/2021\/09\/francais_flag.jpg\" alt=\"This image has an empty alt attribute; its file name is francais_flag.jpg\" style=\"width: 60px\"><\/td><\/tr><tr><td><small><strong><a href=\"https:\/\/podgorjesg.splet.arnes.si\/\u043f\u0440\u0435\u0437\u0435\u043d\u0442\u0430\u0446\u0438\u044f-\u043d\u0430-\u0440\u0443\u0441\u0441\u043a\u043e\u043c\/\">\u041f\u0440\u0435\u0437\u0435\u043d\u0442\u0430\u0446\u0438\u044f \u043d\u0430\u00a0\u0440\u0443\u0441\u0441\u043a\u043e\u043c<\/a><\/strong><\/small><br>&#8211;<\/td><td><\/td><td class=\"has-text-align-right\" data-align=\"right\"><img decoding=\"async\" src=\"https:\/\/podgorjesg.splet.arnes.si\/files\/2021\/09\/russian_flag.jpg\" alt=\"This image has an empty alt attribute; its file name is russian_flag.jpg\" style=\"width: 60px\"><\/td><\/tr><\/tbody><\/table><\/figure>\n\n\n\n<p><\/p>\n","protected":false},"excerpt":{"rendered":"<p>Presentation\u00a0in\u00a0English&#8211; Pr\u00e4sentation auf Deutsch&#8211; Pr\u00e9sentation en fran\u00e7ais&#8211; \u041f\u0440\u0435\u0437\u0435\u043d\u0442\u0430\u0446\u0438\u044f \u043d\u0430\u00a0\u0440\u0443\u0441\u0441\u043a\u043e\u043c&#8211;<\/p>\n","protected":false},"author":25249,"featured_media":0,"parent":0,"menu_order":0,"comment_status":"closed","ping_status":"closed","template":"","meta":{"ngg_post_thumbnail":0,"footnotes":""},"class_list":["post-1620","page","type-page","status-publish","hentry"],"_links":{"self":[{"href":"https:\/\/podgorjesg.splet.arnes.si\/index.php?rest_route=\/wp\/v2\/pages\/1620","targetHints":{"allow":["GET"]}}],"collection":[{"href":"https:\/\/podgorjesg.splet.arnes.si\/index.php?rest_route=\/wp\/v2\/pages"}],"about":[{"href":"https:\/\/podgorjesg.splet.arnes.si\/index.php?rest_route=\/wp\/v2\/types\/page"}],"author":[{"embeddable":true,"href":"https:\/\/podgorjesg.splet.arnes.si\/index.php?rest_route=\/wp\/v2\/users\/25249"}],"replies":[{"embeddable":true,"href":"https:\/\/podgorjesg.splet.arnes.si\/index.php?rest_route=%2Fwp%2Fv2%2Fcomments&post=1620"}],"version-history":[{"count":4,"href":"https:\/\/podgorjesg.splet.arnes.si\/index.php?rest_route=\/wp\/v2\/pages\/1620\/revisions"}],"predecessor-version":[{"id":1829,"href":"https:\/\/podgorjesg.splet.arnes.si\/index.php?rest_route=\/wp\/v2\/pages\/1620\/revisions\/1829"}],"wp:attachment":[{"href":"https:\/\/podgorjesg.splet.arnes.si\/index.php?rest_route=%2Fwp%2Fv2%2Fmedia&parent=1620"}],"curies":[{"name":"wp","href":"https:\/\/api.w.org\/{rel}","templated":true}]}}